{"id":99,"date":"2024-04-08T11:43:12","date_gmt":"2024-04-08T11:43:12","guid":{"rendered":"https:\/\/neu.schloss-weinern.at\/?page_id=99"},"modified":"2024-04-08T13:01:46","modified_gmt":"2024-04-08T13:01:46","slug":"filmlocation","status":"publish","type":"page","link":"https:\/\/www.schloss-weinern.at\/de\/filmlocation\/","title":{"rendered":"Filmlocation"},"content":{"rendered":"<div class=\"wpb-content-wrapper\"><p>[vc_row row_height_percent=&#8220;0&#8243; override_padding=&#8220;yes&#8220; h_padding=&#8220;2&#8243; top_padding=&#8220;3&#8243; bottom_padding=&#8220;3&#8243; overlay_alpha=&#8220;50&#8243; gutter_size=&#8220;3&#8243; column_width_percent=&#8220;100&#8243; shift_y=&#8220;0&#8243; z_index=&#8220;0&#8243; uncode_shortcode_id=&#8220;118524&#8243;][vc_column width=&#8220;1\/1&#8243;][vc_custom_heading text_color=&#8220;accent&#8220; heading_semantic=&#8220;h1&#8243; text_size=&#8220;h1&#8243; text_transform=&#8220;uppercase&#8220; uncode_shortcode_id=&#8220;206782&#8243; text_color_type=&#8220;uncode-palette&#8220;]Filmlocation[\/vc_custom_heading][vc_row_inner][vc_column_inner width=&#8220;1\/2&#8243;][vc_column_text uncode_shortcode_id=&#8220;861559&#8243;]Das barocke Schloss ist von einem 21 ha gro\u00dfem Park umgeben. Zur Verf\u00fcgung stehen ca. 25\u201330 gr\u00f6\u00dftenteils mit antikem Mobiliar eingerichteten R\u00e4umlichkeiten.<br \/>\nDie uneinsehbare Lage des Schlosses erlaubt eine Rundumaussicht ohne jegliche moderne Infrastruktur und verf\u00fcgt \u00fcber bequeme Zufahrtm\u00f6glichkeiten sowie \u00fcber ausreichende Park- und Lagerkapazit\u00e4t sowohl im Schlosshof selbst als auch im angrenzenden Gutshof.[\/vc_column_text][vc_column_text uncode_shortcode_id=&#8220;177890&#8243;]<em>Auszug aus einem Artikel von Hans Widlroither in der Zeitung &#8222;Der Bandlkramer&#8220;:<\/em><br \/>\nIm Sommer 2000 wurde Schloss Weinern als eine der Kulissen f\u00fcr die Dreharbeiten des Historienfilms &#8222;Sophie \u2013 Sisis kleine Schwester&#8220; auserkoren. F\u00fcr die Koproduktion von Bavaria und Satel, in Zusammenarbeit mit dem ORF, RTL und dem franz\u00f6sischen Sender TF 1, standen 80 Schl\u00f6sser zur Auswahl um die Film-Szenerie f\u00fcr das Bayerische Schloss Possenhofen zu bilden. [\u2026] Produktionsleiter Jochen Ludwig und Regisseur Matthias Tiefenbacher waren von Schloss Weinern begeistert. Dazu Produktionsleiter Ludwig: &#8222;Es gibt kaum Verkehr, das Anwesen ist umgeben von Wald und die Lage ist ideal.&#8220;[\/vc_column_text][\/vc_column_inner][vc_column_inner width=&#8220;1\/2&#8243;][vc_single_image media=&#8220;122&#8243; media_width_percent=&#8220;100&#8243; uncode_shortcode_id=&#8220;509678&#8243;][\/vc_column_inner][\/vc_row_inner][\/vc_column][\/vc_row][vc_row][vc_column width=&#8220;1\/2&#8243;][vc_custom_heading text_color=&#8220;color-wayh&#8220; text_transform=&#8220;uppercase&#8220; uncode_shortcode_id=&#8220;114675&#8243; text_color_type=&#8220;uncode-palette&#8220;]Schloss &amp; Park[\/vc_custom_heading][vc_gallery el_id=&#8220;gallery-351322&#8243; type=&#8220;css_grid&#8220; medias=&#8220;143&#8243; grid_items=&#8220;1&#8243; screen_lg_items=&#8220;1&#8243; screen_lg_breakpoint=&#8220;1000&#8243; screen_md_items=&#8220;1&#8243; screen_md_breakpoint=&#8220;600&#8243; screen_sm_items=&#8220;1&#8243; screen_sm_breakpoint=&#8220;480&#8243; gutter_size=&#8220;3&#8243; media_items=&#8220;media|lightbox|original,icon|lg,description&#8220; css_grid_images_size=&#8220;three-two&#8220; single_overlay_opacity=&#8220;50&#8243; single_h_align=&#8220;center&#8220; single_padding=&#8220;2&#8243; single_title_semantic=&#8220;h2&#8243; single_text_lead=&#8220;yes&#8220; single_icon=&#8220;fa fa-camera-retro&#8220; single_border=&#8220;yes&#8220; uncode_shortcode_id=&#8220;119908&#8243;][\/vc_column][vc_column width=&#8220;1\/2&#8243;][vc_custom_heading text_color=&#8220;color-wayh&#8220; text_transform=&#8220;uppercase&#8220; uncode_shortcode_id=&#8220;175055&#8243; text_color_type=&#8220;uncode-palette&#8220;]Zimmer &amp; S\u00e4le[\/vc_custom_heading][vc_gallery el_id=&#8220;gallery-3513223&#8243; type=&#8220;css_grid&#8220; medias=&#8220;160&#8243; grid_items=&#8220;1&#8243; screen_lg_items=&#8220;1&#8243; screen_lg_breakpoint=&#8220;1000&#8243; screen_md_items=&#8220;1&#8243; screen_md_breakpoint=&#8220;600&#8243; screen_sm_items=&#8220;1&#8243; screen_sm_breakpoint=&#8220;480&#8243; gutter_size=&#8220;3&#8243; media_items=&#8220;media|lightbox|original,icon|lg,description&#8220; css_grid_images_size=&#8220;three-two&#8220; single_overlay_opacity=&#8220;50&#8243; single_h_align=&#8220;center&#8220; single_padding=&#8220;2&#8243; single_title_semantic=&#8220;h2&#8243; single_text_lead=&#8220;yes&#8220; single_icon=&#8220;fa fa-camera-retro&#8220; single_border=&#8220;yes&#8220; lbox_title=&#8220;yes&#8220; lbox_caption=&#8220;yes&#8220; uncode_shortcode_id=&#8220;170769&#8243;][\/vc_column][\/vc_row][vc_row][vc_column width=&#8220;1\/2&#8243;][vc_custom_heading text_color=&#8220;color-wayh&#8220; text_transform=&#8220;uppercase&#8220; uncode_shortcode_id=&#8220;118708&#8243; text_color_type=&#8220;uncode-palette&#8220;]G\u00e4nge &amp; Treppen[\/vc_custom_heading][vc_gallery el_id=&#8220;gallery-351322&#8243; type=&#8220;css_grid&#8220; medias=&#8220;189&#8243; grid_items=&#8220;1&#8243; screen_lg_items=&#8220;1&#8243; screen_lg_breakpoint=&#8220;1000&#8243; screen_md_items=&#8220;1&#8243; screen_md_breakpoint=&#8220;600&#8243; screen_sm_items=&#8220;1&#8243; screen_sm_breakpoint=&#8220;480&#8243; gutter_size=&#8220;3&#8243; media_items=&#8220;media|lightbox|original,icon|lg,description&#8220; css_grid_images_size=&#8220;three-two&#8220; single_overlay_opacity=&#8220;50&#8243; single_h_align=&#8220;center&#8220; single_padding=&#8220;2&#8243; single_title_semantic=&#8220;h2&#8243; single_text_lead=&#8220;yes&#8220; single_icon=&#8220;fa fa-camera-retro&#8220; single_border=&#8220;yes&#8220; uncode_shortcode_id=&#8220;205131&#8243;][\/vc_column][vc_column width=&#8220;1\/2&#8243;][vc_custom_heading text_color=&#8220;color-wayh&#8220; text_transform=&#8220;uppercase&#8220; uncode_shortcode_id=&#8220;148692&#8243; text_color_type=&#8220;uncode-palette&#8220;]Werkst\u00e4tten &amp; Lager[\/vc_custom_heading][vc_gallery el_id=&#8220;gallery-3513223&#8243; type=&#8220;css_grid&#8220; medias=&#8220;192&#8243; grid_items=&#8220;1&#8243; screen_lg_items=&#8220;1&#8243; screen_lg_breakpoint=&#8220;1000&#8243; screen_md_items=&#8220;1&#8243; screen_md_breakpoint=&#8220;600&#8243; screen_sm_items=&#8220;1&#8243; screen_sm_breakpoint=&#8220;480&#8243; gutter_size=&#8220;3&#8243; media_items=&#8220;media|lightbox|original,icon|lg,description&#8220; css_grid_images_size=&#8220;three-two&#8220; single_overlay_opacity=&#8220;50&#8243; single_h_align=&#8220;center&#8220; single_padding=&#8220;2&#8243; single_title_semantic=&#8220;h2&#8243; single_text_lead=&#8220;yes&#8220; single_icon=&#8220;fa fa-camera-retro&#8220; single_border=&#8220;yes&#8220; lbox_title=&#8220;yes&#8220; lbox_caption=&#8220;yes&#8220; uncode_shortcode_id=&#8220;150333&#8243;][\/vc_column][\/vc_row][vc_row][vc_column width=&#8220;1\/1&#8243;][vc_row_inner row_inner_height_percent=&#8220;0&#8243; overlay_alpha=&#8220;50&#8243; equal_height=&#8220;yes&#8220; gutter_size=&#8220;3&#8243; shift_y=&#8220;0&#8243; z_index=&#8220;0&#8243; uncode_shortcode_id=&#8220;195404&#8243;][vc_column_inner column_width_percent=&#8220;100&#8243; gutter_size=&#8220;3&#8243; back_color=&#8220;color-962444&#8243; overlay_alpha=&#8220;50&#8243; shift_x=&#8220;0&#8243; shift_y=&#8220;0&#8243; shift_y_down=&#8220;0&#8243; z_index=&#8220;0&#8243; medium_width=&#8220;0&#8243; mobile_width=&#8220;0&#8243; width=&#8220;1\/2&#8243; uncode_shortcode_id=&#8220;567517&#8243; back_color_type=&#8220;uncode-palette&#8220;][vc_custom_heading text_transform=&#8220;uppercase&#8220; uncode_shortcode_id=&#8220;210834&#8243;]Unterk\u00fcnfte in der Umgebung[\/vc_custom_heading][uncode_list icon=&#8220;fa fa-caret-right&#8220; uncode_shortcode_id=&#8220;895149&#8243;]<\/p>\n<ul>\n<li><a href=\"https:\/\/www.liebnitzmuehle.at\/\" target=\"_blank\" rel=\"noopener\">Hotel Restaurant Liebnitzm\u00fchle<\/a> | 6,5 km<\/li>\n<li><a href=\"https:\/\/stadthotel-wt.at\/\" target=\"_blank\" rel=\"noopener\">Stadthotel Waidhofen\/Thaya<\/a> | 14 km<\/li>\n<li><a href=\"https:\/\/retreat-waldviertel.at\/\" target=\"_blank\" rel=\"noopener\">Sch\u00fcttkasten Geras<\/a> | 22 km<\/li>\n<li><a href=\"https:\/\/www.stadthotel-raabs.com\/\" target=\"_blank\" rel=\"noopener\">Hotel Thaya, Raabs<\/a> | 6 km<\/li>\n<li><a href=\"https:\/\/www.oehlknechthof.at\/\" target=\"_blank\" rel=\"noopener\">\u00d6hlknechthof Horn<\/a> | 30 km<\/li>\n<\/ul>\n<p>[\/uncode_list][vc_button wide=&#8220;yes&#8220; border_width=&#8220;0&#8243; icon=&#8220;fa fa-map-o&#8220; uncode_shortcode_id=&#8220;116228&#8243; link=&#8220;url:%2Fhotels%2F|title:Hotels%20in%20der%20Umgebung&#8220;]Hotel Map[\/vc_button][\/vc_column_inner][vc_column_inner column_width_percent=&#8220;100&#8243; gutter_size=&#8220;3&#8243; back_color=&#8220;color-962444&#8243; overlay_alpha=&#8220;50&#8243; shift_x=&#8220;0&#8243; shift_y=&#8220;0&#8243; shift_y_down=&#8220;0&#8243; z_index=&#8220;0&#8243; medium_width=&#8220;0&#8243; mobile_width=&#8220;0&#8243; width=&#8220;1\/2&#8243; uncode_shortcode_id=&#8220;155824&#8243; back_color_type=&#8220;uncode-palette&#8220;][vc_custom_heading text_transform=&#8220;uppercase&#8220; uncode_shortcode_id=&#8220;149607&#8243;]Fakten Infrastruktur[\/vc_custom_heading][uncode_list icon=&#8220;fa fa-caret-right&#8220; uncode_shortcode_id=&#8220;346969&#8243;]<\/p>\n<ul>\n<li><strong>Parkpl\u00e4tze:<\/strong> Parkm\u00f6glichkeiten f\u00fcr PKW und LKW zahlreich vorhanden<\/li>\n<li><strong>Lager:<\/strong> \u00dcberdachte und befahrbare Lagerpl\u00e4tze Strom: Starkstrom vorhanden<\/li>\n<li><strong>Catering:<\/strong> Professionelles catering in unmittelbarer N\u00e4he<\/li>\n<li><strong>Strom:<\/strong> Starkstrom vorhanden<\/li>\n<li><strong>Landem\u00f6glichkeiten f\u00fcr Helicopter<\/strong><\/li>\n<li><strong>Sportflugplatz LOAB (Dobersberg) 25 km entfernt<\/strong><\/li>\n<li><strong>3 Golfpl\u00e4tze in der Umgebung<\/strong><\/li>\n<li><strong>Reit- und Kutschpferde, Stallungen angrenzend<\/strong><\/li>\n<\/ul>\n<p>[\/uncode_list][\/vc_column_inner][\/vc_row_inner][\/vc_column][\/vc_row][vc_row row_height_percent=&#8220;0&#8243; overlay_alpha=&#8220;50&#8243; gutter_size=&#8220;3&#8243; column_width_percent=&#8220;100&#8243; shift_y=&#8220;0&#8243; z_index=&#8220;0&#8243; uncode_shortcode_id=&#8220;162392&#8243; shape_dividers=&#8220;&#8220;][vc_column width=&#8220;1\/1&#8243;][vc_empty_space empty_h=&#8220;2&#8243;][\/vc_column][\/vc_row]<\/p>\n<\/div>","protected":false},"excerpt":{"rendered":"<p>[vc_row row_height_percent=&#8220;0&#8243; override_padding=&#8220;yes&#8220; h_padding=&#8220;2&#8243; top_padding=&#8220;3&#8243; bottom_padding=&#8220;3&#8243; overlay_alpha=&#8220;50&#8243; gutter_size=&#8220;3&#8243; column_width_percent=&#8220;100&#8243; shift_y=&#8220;0&#8243; z_index=&#8220;0&#8243; uncode_shortcode_id=&#8220;118524&#8243;][vc_column width=&#8220;1\/1&#8243;][vc_custom_heading text_color=&#8220;accent&#8220; heading_semantic=&#8220;h1&#8243; text_size=&#8220;h1&#8243; text_transform=&#8220;uppercase&#8220; uncode_shortcode_id=&#8220;206782&#8243; text_color_type=&#8220;uncode-palette&#8220;]Filmlocation[\/vc_custom_heading][vc_row_inner][vc_column_inner width=&#8220;1\/2&#8243;][vc_column_text [&hellip;]<\/p>\n","protected":false},"author":1,"featured_media":0,"parent":0,"menu_order":2,"comment_status":"closed","ping_status":"closed","template":"","meta":{"footnotes":""},"class_list":["post-99","page","type-page","status-publish","hentry"],"_links":{"self":[{"href":"https:\/\/www.schloss-weinern.at\/de\/wp-json\/wp\/v2\/pages\/99","targetHints":{"allow":["GET"]}}],"collection":[{"href":"https:\/\/www.schloss-weinern.at\/de\/wp-json\/wp\/v2\/pages"}],"about":[{"href":"https:\/\/www.schloss-weinern.at\/de\/wp-json\/wp\/v2\/types\/page"}],"author":[{"embeddable":true,"href":"https:\/\/www.schloss-weinern.at\/de\/wp-json\/wp\/v2\/users\/1"}],"replies":[{"embeddable":true,"href":"https:\/\/www.schloss-weinern.at\/de\/wp-json\/wp\/v2\/comments?post=99"}],"version-history":[{"count":40,"href":"https:\/\/www.schloss-weinern.at\/de\/wp-json\/wp\/v2\/pages\/99\/revisions"}],"predecessor-version":[{"id":255,"href":"https:\/\/www.schloss-weinern.at\/de\/wp-json\/wp\/v2\/pages\/99\/revisions\/255"}],"wp:attachment":[{"href":"https:\/\/www.schloss-weinern.at\/de\/wp-json\/wp\/v2\/media?parent=99"}],"curies":[{"name":"wp","href":"https:\/\/api.w.org\/{rel}","templated":true}]}}